{"id":101318,"date":"2021-08-31T11:23:12","date_gmt":"2021-08-31T09:23:12","guid":{"rendered":"https:\/\/undsgn.com\/uncode\/?page_id=101318"},"modified":"2026-04-28T09:54:32","modified_gmt":"2026-04-28T09:54:32","slug":"creative-persona","status":"publish","type":"page","link":"https:\/\/newlebuzz.endformat.com\/?page_id=101318","title":{"rendered":"Agentur"},"content":{"rendered":"<div class=\"wpb-content-wrapper\"><p>[vc_row row_height_percent=&#8220;0&#8243; override_padding=&#8220;yes&#8220; h_padding=&#8220;2&#8243; top_padding=&#8220;7&#8243; bottom_padding=&#8220;7&#8243; overlay_alpha=&#8220;50&#8243; gutter_size=&#8220;3&#8243; column_width_percent=&#8220;100&#8243; shift_y=&#8220;0&#8243; z_index=&#8220;0&#8243; skew=&#8220;no&#8220; content_parallax=&#8220;0&#8243; uncode_shortcode_id=&#8220;174579&#8243; back_color_type=&#8220;uncode-solid&#8220; back_color_solid=&#8220;#272a39&#8243;][vc_column column_width_percent=&#8220;100&#8243; position_vertical=&#8220;middle&#8220; gutter_size=&#8220;3&#8243; overlay_alpha=&#8220;50&#8243; shift_x=&#8220;0&#8243; shift_y=&#8220;0&#8243; shift_y_down=&#8220;0&#8243; z_index=&#8220;0&#8243; medium_width=&#8220;0&#8243; mobile_width=&#8220;0&#8243; width=&#8220;1\/1&#8243; uncode_shortcode_id=&#8220;190162&#8243;][vc_custom_heading text_color=&#8220;color-xsdn&#8220; text_font=&#8220;font-136269&#8243; text_size=&#8220;h4&#8243; text_weight=&#8220;400&#8243; uncode_shortcode_id=&#8220;640527&#8243; text_color_type=&#8220;uncode-palette&#8220;]\u00dcber uns[\/vc_custom_heading][vc_row_inner row_inner_height_percent=&#8220;0&#8243; overlay_alpha=&#8220;50&#8243; gutter_size=&#8220;4&#8243; shift_y=&#8220;0&#8243; z_index=&#8220;0&#8243; limit_content=&#8220;&#8220; uncode_shortcode_id=&#8220;132998&#8243;][vc_column_inner column_width_percent=&#8220;100&#8243; gutter_size=&#8220;3&#8243; overlay_alpha=&#8220;50&#8243; shift_x=&#8220;0&#8243; shift_y=&#8220;0&#8243; shift_y_down=&#8220;0&#8243; z_index=&#8220;0&#8243; medium_width=&#8220;0&#8243; mobile_width=&#8220;0&#8243; width=&#8220;3\/4&#8243; uncode_shortcode_id=&#8220;182068&#8243;][vc_custom_heading text_color=&#8220;color-xsdn&#8220; heading_semantic=&#8220;h1&#8243; text_font=&#8220;font-136269&#8243; text_size=&#8220;custom&#8220; text_weight=&#8220;400&#8243; uncode_shortcode_id=&#8220;787335&#8243; heading_custom_size=&#8220;clamp(50px,7vw,125px)&#8220; text_color_type=&#8220;uncode-palette&#8220;]le buzz \u2014<br \/>\nDeine Social Agentur[\/vc_custom_heading][\/vc_column_inner][vc_column_inner column_width_percent=&#8220;100&#8243; gutter_size=&#8220;3&#8243; overlay_alpha=&#8220;50&#8243; shift_x=&#8220;0&#8243; shift_y=&#8220;0&#8243; shift_y_down=&#8220;0&#8243; z_index=&#8220;0&#8243; medium_visibility=&#8220;yes&#8220; medium_width=&#8220;0&#8243; mobile_visibility=&#8220;yes&#8220; mobile_width=&#8220;0&#8243; width=&#8220;1\/4&#8243; uncode_shortcode_id=&#8220;159802&#8243;][vc_single_image media=&#8220;101206&#8243; media_width_use_pixel=&#8220;yes&#8220; alignment=&#8220;right&#8220; rotating=&#8220;speed&#8220; uncode_shortcode_id=&#8220;552898&#8243; media_width_pixel=&#8220;140&#8243;][\/vc_column_inner][\/vc_row_inner][\/vc_column][\/vc_row][vc_row row_height_percent=&#8220;100&#8243; back_color=&#8220;color-wayh&#8220; back_image=&#8220;159469&#8243; multiple_media=&#8220;yes&#8220; medias=&#8220;159461,159462&#8243; bg_transition=&#8220;scroll&#8220; bg_transition_time=&#8220;0&#8243; bg_transition_threshold=&#8220;50&#8243; overlay_alpha=&#8220;50&#8243; gutter_size=&#8220;0&#8243; column_width_percent=&#8220;100&#8243; shift_y=&#8220;0&#8243; z_index=&#8220;2&#8243; skew=&#8220;no&#8220; content_parallax=&#8220;0&#8243; uncode_shortcode_id=&#8220;150497&#8243; back_color_type=&#8220;uncode-palette&#8220;][vc_column column_width_percent=&#8220;100&#8243; position_vertical=&#8220;middle&#8220; gutter_size=&#8220;3&#8243; overlay_alpha=&#8220;50&#8243; shift_x=&#8220;0&#8243; shift_y=&#8220;0&#8243; shift_y_down=&#8220;0&#8243; z_index=&#8220;0&#8243; medium_width=&#8220;0&#8243; mobile_width=&#8220;0&#8243; width=&#8220;1\/1&#8243; uncode_shortcode_id=&#8220;193657&#8243; mobile_height=&#8220;calc(50vh &#8211; 72px)&#8220;][\/vc_column][\/vc_row][vc_row row_height_percent=&#8220;0&#8243; override_padding=&#8220;yes&#8220; h_padding=&#8220;2&#8243; top_padding=&#8220;7&#8243; bottom_padding=&#8220;7&#8243; overlay_alpha=&#8220;50&#8243; gutter_size=&#8220;4&#8243; column_width_percent=&#8220;100&#8243; shift_y=&#8220;0&#8243; z_index=&#8220;0&#8243; skew=&#8220;no&#8220; content_parallax=&#8220;0&#8243; uncode_shortcode_id=&#8220;929613&#8243; back_color_type=&#8220;uncode-solid&#8220; back_color_solid=&#8220;#ffd200&#8243;][vc_column column_width_percent=&#8220;100&#8243; gutter_size=&#8220;3&#8243; font_family=&#8220;font-136269&#8243; overlay_alpha=&#8220;50&#8243; shift_x=&#8220;0&#8243; shift_y=&#8220;0&#8243; shift_y_down=&#8220;0&#8243; z_index=&#8220;0&#8243; medium_width=&#8220;0&#8243; mobile_width=&#8220;0&#8243; width=&#8220;1\/1&#8243; uncode_shortcode_id=&#8220;154785&#8243;][vc_row_inner row_inner_height_percent=&#8220;0&#8243; overlay_alpha=&#8220;50&#8243; gutter_size=&#8220;4&#8243; shift_y=&#8220;0&#8243; z_index=&#8220;0&#8243; limit_content=&#8220;&#8220; uncode_shortcode_id=&#8220;950273&#8243;][vc_column_inner column_width_percent=&#8220;100&#8243; gutter_size=&#8220;3&#8243; overlay_alpha=&#8220;50&#8243; shift_x=&#8220;0&#8243; shift_y=&#8220;0&#8243; shift_y_down=&#8220;0&#8243; z_index=&#8220;0&#8243; medium_width=&#8220;4&#8243; mobile_width=&#8220;0&#8243; width=&#8220;2\/3&#8243; uncode_shortcode_id=&#8220;297370&#8243;][vc_custom_heading text_color=&#8220;color-112661&#8243; heading_semantic=&#8220;h3&#8243; text_font=&#8220;font-136269&#8243; text_size=&#8220;fontsize-338686&#8243; text_weight=&#8220;800&#8243; uncode_shortcode_id=&#8220;168147&#8243; el_id=&#8220;gallery-87514&#8243; text_color_type=&#8220;uncode-palette&#8220;]Zacki zacki[\/vc_custom_heading][vc_column_text text_lead=&#8220;yes&#8220; uncode_shortcode_id=&#8220;601367&#8243;]Die jahrelange Erfahrung gemischt mit dem laufenden Wandel in den sozialen Medien ist unser Antrieb. Wir m\u00f6chten keine Kunden, sondern Partner*innen gewinnen, mit denen wir auf Augenh\u00f6he Ideen und Ma\u00dfnahmen entwickeln, besprechen und diskutieren k\u00f6nnen. Mit denen wir ehrlich sein k\u00f6nnen und den Finger in die Wunde legen d\u00fcrfen &#8211; immer mit dem Ziel, das beste Ergebnis zu erzielen.<\/p>\n<p>So schnelllebig wie die sozialen Medien, so dynamisch und agil ist auch unsere Arbeit \u2013 von der ersten Idee bis zur Umsetzung. Wir sind flexibel, unkompliziert und vor allem good to have, wenn es mal etwas fixer gehen muss.[\/vc_column_text][\/vc_column_inner][vc_column_inner column_width_percent=&#8220;100&#8243; gutter_size=&#8220;3&#8243; overlay_alpha=&#8220;50&#8243; shift_x=&#8220;0&#8243; shift_y=&#8220;0&#8243; shift_y_down=&#8220;0&#8243; z_index=&#8220;0&#8243; medium_width=&#8220;4&#8243; mobile_visibility=&#8220;yes&#8220; mobile_width=&#8220;0&#8243; width=&#8220;1\/3&#8243; uncode_shortcode_id=&#8220;204448&#8243;][vc_single_image media=&#8220;159464&#8243; media_width_percent=&#8220;100&#8243; media_ratio=&#8220;three-four&#8220; uncode_shortcode_id=&#8220;186682&#8243;][\/vc_column_inner][\/vc_row_inner][\/vc_column][\/vc_row][vc_row row_height_percent=&#8220;0&#8243; overlay_alpha=&#8220;50&#8243; gutter_size=&#8220;3&#8243; column_width_percent=&#8220;100&#8243; shift_y=&#8220;0&#8243; z_index=&#8220;0&#8243; content_parallax=&#8220;0&#8243; uncode_shortcode_id=&#8220;616027&#8243; back_color_type=&#8220;uncode-solid&#8220; back_color_solid=&#8220;#272a39&#8243;][vc_column width=&#8220;1\/1&#8243;][vc_custom_heading text_color=&#8220;color-xsdn&#8220; uncode_shortcode_id=&#8220;418022&#8243; text_color_type=&#8220;uncode-palette&#8220;]The helm of le buzz[\/vc_custom_heading][vc_row_inner][vc_column_inner column_width_percent=&#8220;100&#8243; gutter_size=&#8220;3&#8243; style=&#8220;dark&#8220; overlay_alpha=&#8220;50&#8243; shift_x=&#8220;0&#8243; shift_y=&#8220;0&#8243; shift_y_down=&#8220;0&#8243; z_index=&#8220;0&#8243; medium_width=&#8220;0&#8243; mobile_width=&#8220;0&#8243; width=&#8220;1\/2&#8243; uncode_shortcode_id=&#8220;270986&#8243;][vc_single_image media=&#8220;160104&#8243; media_width_percent=&#8220;100&#8243; uncode_shortcode_id=&#8220;121954&#8243;][vc_column_text text_color=&#8220;color-xsdn&#8220; uncode_shortcode_id=&#8220;182819&#8243; text_color_type=&#8220;uncode-palette&#8220;]<\/p>\n<h3>Fabian Blume<\/h3>\n<p>Gesch\u00e4ftsf\u00fchrer[\/vc_column_text][\/vc_column_inner][vc_column_inner column_width_percent=&#8220;100&#8243; gutter_size=&#8220;3&#8243; style=&#8220;dark&#8220; overlay_alpha=&#8220;50&#8243; shift_x=&#8220;0&#8243; shift_y=&#8220;0&#8243; shift_y_down=&#8220;0&#8243; z_index=&#8220;0&#8243; medium_width=&#8220;0&#8243; mobile_width=&#8220;0&#8243; width=&#8220;1\/2&#8243; uncode_shortcode_id=&#8220;203391&#8243;][vc_single_image media=&#8220;160103&#8243; media_width_percent=&#8220;100&#8243; uncode_shortcode_id=&#8220;559099&#8243;][vc_column_text text_color=&#8220;color-xsdn&#8220; uncode_shortcode_id=&#8220;192240&#8243; text_color_type=&#8220;uncode-palette&#8220;]<\/p>\n<h3>Lena Mielke<\/h3>\n<p>Gesch\u00e4ftsf\u00fchrerin[\/vc_column_text][\/vc_column_inner][\/vc_row_inner][vc_row_inner][vc_column_inner column_width_percent=&#8220;100&#8243; gutter_size=&#8220;3&#8243; style=&#8220;dark&#8220; overlay_alpha=&#8220;50&#8243; shift_x=&#8220;0&#8243; shift_y=&#8220;0&#8243; shift_y_down=&#8220;0&#8243; z_index=&#8220;0&#8243; medium_width=&#8220;0&#8243; mobile_width=&#8220;0&#8243; width=&#8220;1\/3&#8243; uncode_shortcode_id=&#8220;161397&#8243;][vc_single_image media=&#8220;160102&#8243; media_width_percent=&#8220;100&#8243; uncode_shortcode_id=&#8220;122479&#8243;][vc_column_text text_color=&#8220;color-xsdn&#8220; uncode_shortcode_id=&#8220;170109&#8243; text_color_type=&#8220;uncode-palette&#8220;]<\/p>\n<h3>Lisa Grafe<\/h3>\n<p>Account Direktorin[\/vc_column_text][\/vc_column_inner][vc_column_inner column_width_percent=&#8220;100&#8243; gutter_size=&#8220;3&#8243; style=&#8220;dark&#8220; overlay_alpha=&#8220;50&#8243; shift_x=&#8220;0&#8243; shift_y=&#8220;0&#8243; shift_y_down=&#8220;0&#8243; z_index=&#8220;0&#8243; medium_width=&#8220;0&#8243; mobile_width=&#8220;0&#8243; width=&#8220;1\/3&#8243; uncode_shortcode_id=&#8220;159493&#8243;][vc_single_image media=&#8220;160101&#8243; media_width_percent=&#8220;100&#8243; uncode_shortcode_id=&#8220;145212&#8243;][vc_column_text text_color=&#8220;color-xsdn&#8220; uncode_shortcode_id=&#8220;330340&#8243; text_color_type=&#8220;uncode-palette&#8220;]<\/p>\n<h3>Jessica Schmitt<\/h3>\n<p>Leitung Kreation[\/vc_column_text][\/vc_column_inner][vc_column_inner column_width_percent=&#8220;100&#8243; gutter_size=&#8220;3&#8243; style=&#8220;dark&#8220; overlay_alpha=&#8220;50&#8243; shift_x=&#8220;0&#8243; shift_y=&#8220;0&#8243; shift_y_down=&#8220;0&#8243; z_index=&#8220;0&#8243; medium_width=&#8220;0&#8243; mobile_width=&#8220;0&#8243; width=&#8220;1\/3&#8243; uncode_shortcode_id=&#8220;197018&#8243;][vc_single_image media=&#8220;160100&#8243; media_width_percent=&#8220;100&#8243; uncode_shortcode_id=&#8220;198356&#8243;][vc_column_text text_color=&#8220;color-xsdn&#8220; uncode_shortcode_id=&#8220;134405&#8243; text_color_type=&#8220;uncode-palette&#8220;]<\/p>\n<h3>Alex Prost<\/h3>\n<p>Head of Development[\/vc_column_text][\/vc_column_inner][\/vc_row_inner][\/vc_column][\/vc_row][vc_row unlock_row_content=&#8220;yes&#8220; row_height_percent=&#8220;0&#8243; override_padding=&#8220;yes&#8220; h_padding=&#8220;0&#8243; top_padding=&#8220;0&#8243; bottom_padding=&#8220;0&#8243; overlay_alpha=&#8220;50&#8243; gutter_size=&#8220;3&#8243; column_width_percent=&#8220;100&#8243; shift_y=&#8220;0&#8243; z_index=&#8220;2&#8243; uncode_shortcode_id=&#8220;188199&#8243; el_class=&#8220;rotate-plus-beta scale-beta rotate-criss-beta&#8220; back_color_type=&#8220;uncode-solid&#8220; back_color_solid=&#8220;#fffaed&#8220;][vc_column column_width_percent=&#8220;100&#8243; align_horizontal=&#8220;align_center&#8220; gutter_size=&#8220;3&#8243; override_padding=&#8220;yes&#8220; column_padding=&#8220;3&#8243; overlay_alpha=&#8220;50&#8243; shift_x=&#8220;0&#8243; shift_y=&#8220;0&#8243; shift_y_down=&#8220;0&#8243; z_index=&#8220;0&#8243; medium_width=&#8220;0&#8243; mobile_width=&#8220;0&#8243; width=&#8220;1\/1&#8243; uncode_shortcode_id=&#8220;108689&#8243; back_color_type=&#8220;uncode-solid&#8220; back_color_solid=&#8220;#272a39&#8243;][vc_custom_heading text_color=&#8220;accent&#8220; heading_semantic=&#8220;h6&#8243; text_font=&#8220;font-469684&#8243; text_size=&#8220;custom&#8220; text_weight=&#8220;800&#8243; text_transform=&#8220;uppercase&#8220; inline_media=&#8220;yes&#8220; medias=&#8220;159952&#8243; media_height=&#8220;85&#8243; css_alt_animation=&#8220;marquee-scroll-opposite&#8220; marquee_clone_alt=&#8220;yes&#8220; marquee_speed_alt=&#8220;1&#8243; uncode_shortcode_id=&#8220;163942&#8243; text_color_type=&#8220;uncode-palette&#8220; heading_custom_size=&#8220;clamp(65px,8vw,150px)&#8220;]<a href=\"mailto:info@lebuzz.de\">Slide in unsere DMs<\/a> [uncode_inline_image] <a href=\"mailto:info@lebuzz.de\">Slide in unsere DMs<\/a> [uncode_inline_image][\/vc_custom_heading][\/vc_column][\/vc_row][vc_row unlock_row_content=&#8220;yes&#8220; row_height_percent=&#8220;0&#8243; override_padding=&#8220;yes&#8220; h_padding=&#8220;0&#8243; top_padding=&#8220;0&#8243; bottom_padding=&#8220;0&#8243; overlay_alpha=&#8220;50&#8243; gutter_size=&#8220;3&#8243; column_width_percent=&#8220;100&#8243; shift_y=&#8220;0&#8243; z_index=&#8220;3&#8243; content_parallax=&#8220;0&#8243; uncode_shortcode_id=&#8220;349239&#8243; el_class=&#8220;rotate-minus-beta scale-beta rotate-cross-beta&#8220; back_color_type=&#8220;uncode-solid&#8220; back_color_solid=&#8220;#fffaed&#8220;][vc_column column_width_percent=&#8220;100&#8243; align_horizontal=&#8220;align_center&#8220; gutter_size=&#8220;3&#8243; override_padding=&#8220;yes&#8220; column_padding=&#8220;3&#8243; back_color=&#8220;accent&#8220; overlay_alpha=&#8220;50&#8243; shadow=&#8220;std&#8220; shift_x=&#8220;0&#8243; shift_y=&#8220;0&#8243; shift_y_down=&#8220;0&#8243; z_index=&#8220;0&#8243; medium_width=&#8220;0&#8243; mobile_width=&#8220;0&#8243; width=&#8220;1\/1&#8243; uncode_shortcode_id=&#8220;636416&#8243; back_color_type=&#8220;uncode-palette&#8220;][vc_custom_heading text_color=&#8220;color-xsdn&#8220; heading_semantic=&#8220;h6&#8243; text_font=&#8220;font-469684&#8243; text_size=&#8220;custom&#8220; text_weight=&#8220;800&#8243; text_transform=&#8220;uppercase&#8220; inline_media=&#8220;yes&#8220; medias=&#8220;159952&#8243; media_height=&#8220;100&#8243; css_alt_animation=&#8220;marquee-scroll&#8220; marquee_clone_alt=&#8220;yes&#8220; marquee_speed_alt=&#8220;1&#8243; uncode_shortcode_id=&#8220;395151&#8243; text_color_type=&#8220;uncode-palette&#8220; heading_custom_size=&#8220;clamp(65px,8vw,150px)&#8220;]<a style=\"color: #fff;\" href=\"mailto:info@lebuzz.de\">Slide in unsere DMs<\/a> [uncode_inline_image] <a style=\"color: #fff;\" href=\"mailto:info@lebuzz.de\">Slide in unsere DMs<\/a> [uncode_inline_image][\/vc_custom_heading][\/vc_column][\/vc_row][vc_row unlock_row_content=&#8220;yes&#8220; row_height_percent=&#8220;0&#8243; override_padding=&#8220;yes&#8220; h_padding=&#8220;7&#8243; top_padding=&#8220;0&#8243; bottom_padding=&#8220;0&#8243; back_color=&#8220;color-nhtu&#8220; overlay_alpha=&#8220;50&#8243; gutter_size=&#8220;0&#8243; column_width_percent=&#8220;100&#8243; shift_y=&#8220;0&#8243; z_index=&#8220;0&#8243; enable_top_divider=&#8220;default&#8220; top_divider=&#8220;step&#8220; shape_top_h_use_pixel=&#8220;true&#8220; shape_top_height_percent=&#8220;50&#8243; shape_top_opacity=&#8220;100&#8243; shape_top_index=&#8220;0&#8243; skew=&#8220;no&#8220; uncode_shortcode_id=&#8220;186189&#8243; back_color_type=&#8220;uncode-palette&#8220;][vc_column column_width_percent=&#8220;100&#8243; position_vertical=&#8220;middle&#8220; align_horizontal=&#8220;align_right&#8220; gutter_size=&#8220;3&#8243; style=&#8220;dark&#8220; overlay_alpha=&#8220;50&#8243; shift_x=&#8220;0&#8243; shift_y=&#8220;0&#8243; shift_y_down=&#8220;0&#8243; z_index=&#8220;0&#8243; medium_width=&#8220;0&#8243; mobile_width=&#8220;0&#8243; width=&#8220;1\/1&#8243; uncode_shortcode_id=&#8220;955213&#8243;][vc_single_image media=&#8220;11306&#8243; media_width_percent=&#8220;100&#8243; media_ratio=&#8220;sixteen-nine&#8220; uncode_shortcode_id=&#8220;680705&#8243;][vc_icon display=&#8220;absolute-center&#8220; icon=&#8220;fa fa-play&#8220; background_style=&#8220;fa-rounded&#8220; size=&#8220;fa-3x&#8220; icon_automatic=&#8220;yes&#8220; uncode_shortcode_id=&#8220;115470&#8243; media_lightbox=&#8220;72008&#8243;][\/vc_icon][\/vc_column][\/vc_row][vc_row unlock_row_content=&#8220;yes&#8220; row_height_percent=&#8220;0&#8243; override_padding=&#8220;yes&#8220; h_padding=&#8220;0&#8243; top_padding=&#8220;5&#8243; bottom_padding=&#8220;0&#8243; back_color=&#8220;color-nhtu&#8220; overlay_alpha=&#8220;50&#8243; gutter_size=&#8220;3&#8243; column_width_percent=&#8220;100&#8243; shift_y=&#8220;0&#8243; z_index=&#8220;0&#8243; skew=&#8220;no&#8220; uncode_shortcode_id=&#8220;109751&#8243; back_color_type=&#8220;uncode-palette&#8220;][vc_column column_width_percent=&#8220;100&#8243; position_vertical=&#8220;middle&#8220; align_horizontal=&#8220;align_center&#8220; gutter_size=&#8220;4&#8243; style=&#8220;dark&#8220; overlay_alpha=&#8220;50&#8243; shift_x=&#8220;0&#8243; shift_y=&#8220;0&#8243; shift_y_down=&#8220;0&#8243; z_index=&#8220;0&#8243; medium_width=&#8220;0&#8243; mobile_width=&#8220;0&#8243; width=&#8220;1\/1&#8243; uncode_shortcode_id=&#8220;251551&#8243;][vc_custom_heading heading_semantic=&#8220;h3&#8243; text_font=&#8220;font-136269&#8243; text_size=&#8220;fontsize-338686&#8243; text_weight=&#8220;400&#8243; css_animation=&#8220;marquee-scroll&#8220; marquee_clone=&#8220;yes&#8220; uncode_shortcode_id=&#8220;123221&#8243; text_color_type=&#8220;uncode-solid&#8220; text_color_solid=&#8220;#4c4d4e&#8220;]My Collabs \u00b7[\/vc_custom_heading][\/vc_column][\/vc_row][vc_row row_height_percent=&#8220;0&#8243; override_padding=&#8220;yes&#8220; h_padding=&#8220;2&#8243; top_padding=&#8220;4&#8243; bottom_padding=&#8220;7&#8243; back_color=&#8220;color-nhtu&#8220; overlay_alpha=&#8220;50&#8243; gutter_size=&#8220;3&#8243; column_width_percent=&#8220;100&#8243; shift_y=&#8220;0&#8243; z_index=&#8220;0&#8243; skew=&#8220;no&#8220; uncode_shortcode_id=&#8220;433109&#8243; back_color_type=&#8220;uncode-palette&#8220;][vc_column column_width_percent=&#8220;100&#8243; gutter_size=&#8220;3&#8243; style=&#8220;dark&#8220; overlay_alpha=&#8220;50&#8243; shift_x=&#8220;0&#8243; shift_y=&#8220;0&#8243; shift_y_down=&#8220;0&#8243; z_index=&#8220;0&#8243; medium_width=&#8220;0&#8243; mobile_width=&#8220;0&#8243; width=&#8220;1\/1&#8243; uncode_shortcode_id=&#8220;610022&#8243;][uncode_index el_id=&#8220;index-145460&#8243; index_type=&#8220;titles&#8220; loop=&#8220;size:8|order_by:date|post_type:portfolio|taxonomy_count:10&#8243; titles_display=&#8220;inline&#8220; gutter_size=&#8220;3&#8243; drop_width=&#8220;3&#8243; drop_ratio=&#8220;three-four&#8220; drop_anchor=&#8220;center&#8220; drop_image_time=&#8220;250&#8243; drop_radius=&#8220;&#8220; drop_shadow=&#8220;yes&#8220; drop_shadow_weight=&#8220;lg&#8220; drop_shadow_darker=&#8220;yes&#8220; drop_image_hover=&#8220;opacity&#8220; drop_image_extra=&#8220;yes&#8220; single_style=&#8220;dark&#8220; single_title_family=&#8220;font-136269&#8243; single_title_dimension=&#8220;fontsize-338686&#8243; single_title_weight=&#8220;400&#8243; titles_display_mobile=&#8220;yes&#8220; titles_gap_reduced_mobile=&#8220;yes&#8220; textual_display=&#8220;inline&#8220; uncode_shortcode_id=&#8220;497045&#8243;][\/vc_column][\/vc_row][vc_row unlock_row_content=&#8220;yes&#8220; row_height_percent=&#8220;0&#8243; override_padding=&#8220;yes&#8220; h_padding=&#8220;7&#8243; top_padding=&#8220;0&#8243; bottom_padding=&#8220;0&#8243; back_color=&#8220;color-xsdn&#8220; overlay_alpha=&#8220;50&#8243; gutter_size=&#8220;0&#8243; column_width_percent=&#8220;100&#8243; shift_y=&#8220;0&#8243; z_index=&#8220;0&#8243; top_divider=&#8220;step&#8220; enable_bottom_divider=&#8220;default&#8220; bottom_divider=&#8220;step&#8220; shape_bottom_h_use_pixel=&#8220;true&#8220; shape_bottom_height_percent=&#8220;50&#8243; shape_bottom_color=&#8220;color-nhtu&#8220; shape_bottom_opacity=&#8220;100&#8243; shape_bottom_index=&#8220;0&#8243; skew=&#8220;no&#8220; uncode_shortcode_id=&#8220;505636&#8243; back_color_type=&#8220;uncode-palette&#8220; shape_bottom_color_type=&#8220;uncode-palette&#8220;][vc_column column_width_percent=&#8220;100&#8243; position_vertical=&#8220;middle&#8220; gutter_size=&#8220;3&#8243; style=&#8220;dark&#8220; overlay_alpha=&#8220;50&#8243; shift_x=&#8220;0&#8243; shift_y=&#8220;0&#8243; shift_y_down=&#8220;0&#8243; z_index=&#8220;0&#8243; medium_width=&#8220;2&#8243; mobile_width=&#8220;2&#8243; width=&#8220;2\/12&#8243; uncode_shortcode_id=&#8220;879607&#8243;][vc_single_image media=&#8220;11304&#8243; media_width_percent=&#8220;100&#8243; media_ratio=&#8220;three-two&#8220; uncode_shortcode_id=&#8220;213382&#8243;][\/vc_column][vc_column column_width_percent=&#8220;100&#8243; position_vertical=&#8220;middle&#8220; gutter_size=&#8220;3&#8243; overlay_alpha=&#8220;50&#8243; shift_x=&#8220;0&#8243; shift_y=&#8220;0&#8243; shift_y_down=&#8220;0&#8243; z_index=&#8220;0&#8243; medium_width=&#8220;2&#8243; mobile_width=&#8220;2&#8243; width=&#8220;4\/12&#8243; uncode_shortcode_id=&#8220;135556&#8243;][vc_single_image media=&#8220;11307&#8243; media_width_percent=&#8220;100&#8243; media_ratio=&#8220;five-four&#8220; uncode_shortcode_id=&#8220;142221&#8243;][\/vc_column][vc_column column_width_percent=&#8220;100&#8243; position_vertical=&#8220;middle&#8220; gutter_size=&#8220;2&#8243; style=&#8220;dark&#8220; overlay_alpha=&#8220;50&#8243; shift_x=&#8220;0&#8243; shift_y=&#8220;0&#8243; shift_y_down=&#8220;0&#8243; z_index=&#8220;0&#8243; medium_width=&#8220;2&#8243; align_mobile=&#8220;align_center_mobile&#8220; mobile_width=&#8220;2&#8243; width=&#8220;3\/12&#8243; uncode_shortcode_id=&#8220;413815&#8243;][vc_single_image media=&#8220;2286&#8243; media_width_percent=&#8220;100&#8243; media_ratio=&#8220;four-three&#8220; uncode_shortcode_id=&#8220;148814&#8243;][\/vc_column][vc_column column_width_percent=&#8220;100&#8243; position_vertical=&#8220;middle&#8220; align_horizontal=&#8220;align_center&#8220; gutter_size=&#8220;3&#8243; style=&#8220;dark&#8220; overlay_alpha=&#8220;50&#8243; shift_x=&#8220;0&#8243; shift_y=&#8220;0&#8243; shift_y_down=&#8220;0&#8243; z_index=&#8220;0&#8243; medium_width=&#8220;2&#8243; mobile_width=&#8220;2&#8243; width=&#8220;3\/12&#8243; uncode_shortcode_id=&#8220;167721&#8243;][vc_single_image media=&#8220;15046&#8243; media_width_percent=&#8220;100&#8243; media_ratio=&#8220;three-two&#8220; uncode_shortcode_id=&#8220;192946&#8243;][\/vc_column][\/vc_row]<\/p>\n<\/div>","protected":false},"excerpt":{"rendered":"<p>[vc_row row_height_percent=&#8220;0&#8243; override_padding=&#8220;yes&#8220; h_padding=&#8220;2&#8243; top_padding=&#8220;7&#8243; bottom_padding=&#8220;7&#8243; overlay_alpha=&#8220;50&#8243; gutter_size=&#8220;3&#8243; column_width_percent=&#8220;100&#8243; shift_y=&#8220;0&#8243; z_index=&#8220;0&#8243; skew=&#8220;no&#8220; content_parallax=&#8220;0&#8243; uncode_shortcode_id=&#8220;174579&#8243; back_color_type=&#8220;uncode-solid&#8220; back_color_solid=&#8220;#272a39&#8243;][vc_column column_width_percent=&#8220;100&#8243; position_vertical=&#8220;middle&#8220; gutter_size=&#8220;3&#8243; overlay_alpha=&#8220;50&#8243; [&hellip;]<\/p>\n","protected":false},"author":2,"featured_media":102777,"parent":0,"menu_order":0,"comment_status":"closed","ping_status":"closed","template":"","meta":{"footnotes":""},"class_list":["post-101318","page","type-page","status-publish","has-post-thumbnail","hentry","page_category-creative","page_category-freelance"],"_links":{"self":[{"href":"https:\/\/newlebuzz.endformat.com\/index.php?rest_route=\/wp\/v2\/pages\/101318","targetHints":{"allow":["GET"]}}],"collection":[{"href":"https:\/\/newlebuzz.endformat.com\/index.php?rest_route=\/wp\/v2\/pages"}],"about":[{"href":"https:\/\/newlebuzz.endformat.com\/index.php?rest_route=\/wp\/v2\/types\/page"}],"author":[{"embeddable":true,"href":"https:\/\/newlebuzz.endformat.com\/index.php?rest_route=\/wp\/v2\/users\/2"}],"replies":[{"embeddable":true,"href":"https:\/\/newlebuzz.endformat.com\/index.php?rest_route=%2Fwp%2Fv2%2Fcomments&post=101318"}],"version-history":[{"count":25,"href":"https:\/\/newlebuzz.endformat.com\/index.php?rest_route=\/wp\/v2\/pages\/101318\/revisions"}],"predecessor-version":[{"id":160118,"href":"https:\/\/newlebuzz.endformat.com\/index.php?rest_route=\/wp\/v2\/pages\/101318\/revisions\/160118"}],"wp:featuredmedia":[{"embeddable":true,"href":"https:\/\/newlebuzz.endformat.com\/index.php?rest_route=\/wp\/v2\/media\/102777"}],"wp:attachment":[{"href":"https:\/\/newlebuzz.endformat.com\/index.php?rest_route=%2Fwp%2Fv2%2Fmedia&parent=101318"}],"curies":[{"name":"wp","href":"https:\/\/api.w.org\/{rel}","templated":true}]}}